{"id":7150,"date":"2026-04-13T00:03:32","date_gmt":"2026-04-13T06:03:32","guid":{"rendered":"https:\/\/www.ilovewines.vn\/?post_type=product&#038;p=7150"},"modified":"2026-04-13T00:03:32","modified_gmt":"2026-04-13T06:03:32","slug":"richland-moscato-rosa","status":"publish","type":"product","link":"https:\/\/www.ilovewines.vn\/vi\/product\/richland-moscato-rosa\/","title":{"rendered":"Richland Moscato Rosa"},"content":{"rendered":"<p><strong>V\u00f9ng tr\u1ed3ng<\/strong>: Ngu\u1ed3n nho \u0111\u01b0\u1ee3c tuy\u1ec3n ch\u1ecdn t\u1eeb c\u00e1c v\u01b0\u1eddn nho gia \u0111\u00ecnh t\u1ea1i v\u00f9ng Riverina.<\/p>\n<p><strong>M\u00f9i h\u01b0\u01a1ng<\/strong>: Th\u01b0\u1edfng th\u1ee9c h\u01b0\u01a1ng th\u01a1m lan t\u1ecfa c\u1ee7a d\u00e2u t\u00e2y t\u01b0\u01a1i, k\u1eb9o m\u00e2m x\u00f4i c\u00f9ng ch\u00fat h\u01b0\u01a1ng ph\u1ea3ng ph\u1ea5t c\u1ee7a hoa h\u1ed3ng v\u00e0 hoa violet.<\/p>\n<p><strong>V\u1ecb gi\u00e1c<\/strong>: S\u1ef1 h\u00f2a quy\u1ec7n gi\u1eefa h\u01b0\u01a1ng v\u1ecb qu\u1ea3 m\u1ecdng \u0111\u1ecf v\u00e0 v\u1ecb ng\u1ecdt ng\u00e0o, \u0111\u01b0\u1ee3c c\u00e2n b\u1eb1ng b\u1edfi \u0111\u1ed9 chua t\u01b0\u01a1i m\u00e1t, s\u1ed1ng \u0111\u1ed9ng c\u00f9ng ch\u00fat s\u1ee7i b\u1ecdt nh\u1eb9, mang \u0111\u1ebfn m\u1ed9t h\u1eadu v\u1ecb thanh khi\u1ebft v\u00e0 s\u1ea3ng kho\u00e1i.<\/p>\n<p><strong>M\u00f3n \u0103n k\u00e8m<\/strong>: Khay tr\u00e1i c\u00e2y t\u01b0\u01a1i, khay ph\u00f4 mai.<\/p>\n<p><strong>Qu\u00e1 tr\u00ecnh s\u1ea3n xu\u1ea5t<\/strong>: Nho \u0111\u01b0\u1ee3c thu ho\u1ea1ch trong kh\u00f4ng kh\u00ed m\u00e1t m\u1ebb c\u1ee7a ban \u0111\u00eam, sau \u0111\u00f3 \u0111\u01b0\u1ee3c mang \u0111i nghi\u1ec1n v\u00e0 \u00e9p. M\u1ed9t ph\u1ea7n (kho\u1ea3ng m\u1ed9t n\u1eeda) l\u01b0\u1ee3ng n\u01b0\u1edbc \u00e9p \u0111\u01b0\u1ee3c l\u00ean men ho\u00e0n to\u00e0n, n\u1eeda c\u00f2n l\u1ea1i \u0111\u01b0\u1ee3c gi\u1eef nguy\u00ean d\u01b0\u1edbi d\u1ea1ng n\u01b0\u1edbc \u00e9p. Khi qu\u00e1 tr\u00ecnh l\u00ean men k\u1ebft th\u00fac, c\u1ea3 hai th\u00e0nh ph\u1ea7n n\u00e0y \u0111\u01b0\u1ee3c pha tr\u1ed9n l\u1ea1i v\u1edbi nhau \u0111\u1ec3 t\u1ea1o ra m\u1ed9t d\u00f2ng r\u01b0\u1ee3u Moscato c\u00f3 \u0111\u1ed9 c\u00e2n b\u1eb1ng ho\u00e0n h\u1ea3o.<\/p>\n<p><strong>Ph\u00e2n t\u00edch r\u01b0\u1ee3u<\/strong>: N\u1ed3ng \u0111\u1ed9 c\u1ed3n: 6% | pH: 2.81 | TA: 8.88 | L\u01b0\u1ee3ng \u0111\u01b0\u1eddng: 96g\/L<\/p>\n<p><strong>C\u1ea5t tr\u1eef:<\/strong>: Th\u01b0\u1edfng th\u1ee9c ngay ho\u1eb7c l\u01b0u tr\u1eef l\u00ean \u0111\u1ebfn ba n\u0103m.<\/p>\n<p><img decoding=\"async\" class=\"alignnone wp-image-7071\" src=\"https:\/\/www.ilovewines.vn\/wp-content\/uploads\/2026\/02\/Screenshot-2026-02-26-122558.png\" alt=\"\" width=\"96\" height=\"82\" srcset=\"https:\/\/www.ilovewines.vn\/wp-content\/uploads\/2026\/02\/Screenshot-2026-02-26-122558.png 168w, https:\/\/www.ilovewines.vn\/wp-content\/uploads\/2026\/02\/Screenshot-2026-02-26-122558-14x12.png 14w\" sizes=\"(max-width: 96px) 100vw, 96px\" \/><\/p>","protected":false},"excerpt":{"rendered":"<p>D\u00f2ng s\u1ea3n ph\u1ea9m Calabria Richland mang \u0111\u1ebfn nh\u1eefng lo\u1ea1i r\u01b0\u1ee3u vang \u0111\u00e1ng tin c\u1eady, d\u1ec5 th\u01b0\u1edfng th\u1ee9c v\u00e0 lu\u00f4n mang l\u1ea1i ch\u1ea5t l\u01b0\u1ee3ng v\u01b0\u1ee3t ngo\u00e0i mong \u0111\u1ee3i. Ch\u00fang t\u00f4i n\u1ed7 l\u1ef1c ch\u1eaft l\u1ecdc tinh t\u00fay c\u1ee7a t\u1eebng gi\u1ed1ng nho v\u00e0 \u0111\u01b0a v\u00e0o d\u00f2ng s\u1ea3n ph\u1ea9m n\u00e0y kh\u00f4ng ch\u1ec9 c\u00e1c gi\u1ed1ng nho truy\u1ec1n th\u1ed1ng m\u00e0 c\u00f2n c\u1ea3 nh\u1eefng lo\u1ea1i r\u01b0\u1ee3u vang \u0111\u01b0\u1ee3c l\u00e0m t\u1eeb c\u00e1c gi\u1ed1ng nho m\u1edbi m\u1ebb, \u0111\u1ea7y th\u00fa v\u1ecb t\u1ea1i n\u01b0\u1edbc \u00dac. D\u00f2ng s\u1ea3n ph\u1ea9m Richland ban \u0111\u1ea7u \u0111\u01b0\u1ee3c l\u1ea5y c\u1ea3m h\u1ee9ng t\u1eeb kh\u00ed h\u1eadu \u0110\u1ecba Trung H\u1ea3i c\u00f9ng th\u1ed5 nh\u01b0\u1ee1ng tr\u00f9 ph\u00fa, m\u00e0u m\u1ee1 c\u1ee7a v\u00f9ng \u0110\u00f4ng Nam \u00dac. Nh\u00e3n hi\u1ec7u Richland \u0111\u01b0\u1ee3c t\u1ea1o ra nh\u1eb1m tri \u00e2n nh\u1eefng ng\u01b0\u1eddi ti\u00ean phong v\u00e0 nh\u00e0 s\u00e1ng l\u1eadp c\u1ee7a h\u00e3ng R\u01b0\u1ee3u vang Gia \u0111\u00ecnh Calabria: Francesco &amp; Elisabetta Calabria.<\/p>","protected":false},"featured_media":7151,"template":"","meta":{"_acf_changed":false},"product_brand":[],"product_cat":[88,2578],"product_tag":[],"grape_varietal":[2587,2624],"wine_regions":[2412,2444],"class_list":{"0":"post-7150","1":"product","2":"type-product","3":"status-publish","4":"has-post-thumbnail","6":"product_cat-rose","7":"product_cat-sweet-wine","8":"pa_brand-calabria","9":"grape_varietal-moscato","10":"grape_varietal-sweet","11":"wine_regions-new-south-wales","12":"wine_regions-riverina","14":"first","15":"instock","16":"shipping-taxable","17":"product-type-simple"},"acf":[],"yoast_head":"<!-- This site is optimized with the Yoast SEO plugin v27.1.1 - https:\/\/yoast.com\/product\/yoast-seo-wordpress\/ -->\n<title>Richland Moscato Rosa - Rada Wines<\/title>\n<meta name=\"robots\" content=\"index, follow, max-snippet:-1, max-image-preview:large, max-video-preview:-1\" \/>\n<link rel=\"canonical\" href=\"https:\/\/www.ilovewines.vn\/vi\/san-pham\/richland-moscato-rosa\/\" \/>\n<meta property=\"og:locale\" content=\"vi_VN\" \/>\n<meta property=\"og:type\" content=\"article\" \/>\n<meta property=\"og:title\" content=\"Richland Moscato Rosa - Rada Wines\" \/>\n<meta property=\"og:description\" content=\"Calabria Richland series brings to the table reliable, approachable wines that consistently over-deliver. We strive to capture the essence of the variety and include within the series traditional varieties and also wines made from interesting, newer varieties to Australia. The Richland series was originally inspired by the Mediterranean climate and rich, fertile soils of South Eastern Australia. The Richland label is devoted to the pioneers and founders of Calabria Family Wines; Francesco &amp; Elisabetta Calabria.\" \/>\n<meta property=\"og:url\" content=\"https:\/\/www.ilovewines.vn\/vi\/san-pham\/richland-moscato-rosa\/\" \/>\n<meta property=\"og:site_name\" content=\"Rada Wines\" \/>\n<meta property=\"og:image\" content=\"https:\/\/www.ilovewines.vn\/wp-content\/uploads\/2026\/04\/richland_moscato_rosa_1.png\" \/>\n\t<meta property=\"og:image:width\" content=\"309\" \/>\n\t<meta property=\"og:image:height\" content=\"700\" \/>\n\t<meta property=\"og:image:type\" content=\"image\/png\" \/>\n<meta name=\"twitter:card\" content=\"summary_large_image\" \/>\n<meta name=\"twitter:label1\" content=\"\u01af\u1edbc t\u00ednh th\u1eddi gian \u0111\u1ecdc\" \/>\n\t<meta name=\"twitter:data1\" content=\"1 ph\u00fat\" \/>\n<script type=\"application\/ld+json\" class=\"yoast-schema-graph\">{\"@context\":\"https:\/\/schema.org\",\"@graph\":[{\"@type\":\"WebPage\",\"@id\":\"https:\/\/www.ilovewines.vn\/product\/richland-moscato-rosa\/\",\"url\":\"https:\/\/www.ilovewines.vn\/product\/richland-moscato-rosa\/\",\"name\":\"Richland Moscato Rosa - Rada Wines\",\"isPartOf\":{\"@id\":\"https:\/\/www.ilovewines.vn\/#website\"},\"primaryImageOfPage\":{\"@id\":\"https:\/\/www.ilovewines.vn\/product\/richland-moscato-rosa\/#primaryimage\"},\"image\":{\"@id\":\"https:\/\/www.ilovewines.vn\/product\/richland-moscato-rosa\/#primaryimage\"},\"thumbnailUrl\":\"https:\/\/www.ilovewines.vn\/wp-content\/uploads\/2026\/04\/richland_moscato_rosa_1.png\",\"datePublished\":\"2026-04-13T06:03:32+00:00\",\"breadcrumb\":{\"@id\":\"https:\/\/www.ilovewines.vn\/product\/richland-moscato-rosa\/#breadcrumb\"},\"inLanguage\":\"vi\",\"potentialAction\":[{\"@type\":\"ReadAction\",\"target\":[\"https:\/\/www.ilovewines.vn\/product\/richland-moscato-rosa\/\"]}]},{\"@type\":\"ImageObject\",\"inLanguage\":\"vi\",\"@id\":\"https:\/\/www.ilovewines.vn\/product\/richland-moscato-rosa\/#primaryimage\",\"url\":\"https:\/\/www.ilovewines.vn\/wp-content\/uploads\/2026\/04\/richland_moscato_rosa_1.png\",\"contentUrl\":\"https:\/\/www.ilovewines.vn\/wp-content\/uploads\/2026\/04\/richland_moscato_rosa_1.png\",\"width\":309,\"height\":700},{\"@type\":\"BreadcrumbList\",\"@id\":\"https:\/\/www.ilovewines.vn\/product\/richland-moscato-rosa\/#breadcrumb\",\"itemListElement\":[{\"@type\":\"ListItem\",\"position\":1,\"name\":\"Home\",\"item\":\"https:\/\/www.ilovewines.vn\/\"},{\"@type\":\"ListItem\",\"position\":2,\"name\":\"Catalogue\",\"item\":\"https:\/\/www.ilovewines.vn\/catalogue\/\"},{\"@type\":\"ListItem\",\"position\":3,\"name\":\"Richland Moscato Rosa\"}]},{\"@type\":\"WebSite\",\"@id\":\"https:\/\/www.ilovewines.vn\/#website\",\"url\":\"https:\/\/www.ilovewines.vn\/\",\"name\":\"Rada Wines\",\"description\":\"Just another WordPress site\",\"publisher\":{\"@id\":\"https:\/\/www.ilovewines.vn\/#organization\"},\"potentialAction\":[{\"@type\":\"SearchAction\",\"target\":{\"@type\":\"EntryPoint\",\"urlTemplate\":\"https:\/\/www.ilovewines.vn\/?s={search_term_string}\"},\"query-input\":{\"@type\":\"PropertyValueSpecification\",\"valueRequired\":true,\"valueName\":\"search_term_string\"}}],\"inLanguage\":\"vi\"},{\"@type\":\"Organization\",\"@id\":\"https:\/\/www.ilovewines.vn\/#organization\",\"name\":\"Rada Wines\",\"url\":\"https:\/\/www.ilovewines.vn\/\",\"logo\":{\"@type\":\"ImageObject\",\"inLanguage\":\"vi\",\"@id\":\"https:\/\/www.ilovewines.vn\/#\/schema\/logo\/image\/\",\"url\":\"https:\/\/www.ilovewines.vn\/wp-content\/uploads\/2022\/06\/cropped-162574230_380766779846763_4426584222903300096_n.jpg\",\"contentUrl\":\"https:\/\/www.ilovewines.vn\/wp-content\/uploads\/2022\/06\/cropped-162574230_380766779846763_4426584222903300096_n.jpg\",\"width\":320,\"height\":206,\"caption\":\"Rada Wines\"},\"image\":{\"@id\":\"https:\/\/www.ilovewines.vn\/#\/schema\/logo\/image\/\"}}]}<\/script>\n<!-- \/ Yoast SEO plugin. -->","yoast_head_json":{"title":"Richland Moscato Rosa - Rada Wines","robots":{"index":"index","follow":"follow","max-snippet":"max-snippet:-1","max-image-preview":"max-image-preview:large","max-video-preview":"max-video-preview:-1"},"canonical":"https:\/\/www.ilovewines.vn\/vi\/san-pham\/richland-moscato-rosa\/","og_locale":"vi_VN","og_type":"article","og_title":"Richland Moscato Rosa - Rada Wines","og_description":"Calabria Richland series brings to the table reliable, approachable wines that consistently over-deliver. We strive to capture the essence of the variety and include within the series traditional varieties and also wines made from interesting, newer varieties to Australia. The Richland series was originally inspired by the Mediterranean climate and rich, fertile soils of South Eastern Australia. The Richland label is devoted to the pioneers and founders of Calabria Family Wines; Francesco &amp; Elisabetta Calabria.","og_url":"https:\/\/www.ilovewines.vn\/vi\/san-pham\/richland-moscato-rosa\/","og_site_name":"Rada Wines","og_image":[{"width":309,"height":700,"url":"https:\/\/www.ilovewines.vn\/wp-content\/uploads\/2026\/04\/richland_moscato_rosa_1.png","type":"image\/png"}],"twitter_card":"summary_large_image","twitter_misc":{"\u01af\u1edbc t\u00ednh th\u1eddi gian \u0111\u1ecdc":"1 ph\u00fat"},"schema":{"@context":"https:\/\/schema.org","@graph":[{"@type":"WebPage","@id":"https:\/\/www.ilovewines.vn\/product\/richland-moscato-rosa\/","url":"https:\/\/www.ilovewines.vn\/product\/richland-moscato-rosa\/","name":"Richland Moscato Rosa - Rada Wines","isPartOf":{"@id":"https:\/\/www.ilovewines.vn\/#website"},"primaryImageOfPage":{"@id":"https:\/\/www.ilovewines.vn\/product\/richland-moscato-rosa\/#primaryimage"},"image":{"@id":"https:\/\/www.ilovewines.vn\/product\/richland-moscato-rosa\/#primaryimage"},"thumbnailUrl":"https:\/\/www.ilovewines.vn\/wp-content\/uploads\/2026\/04\/richland_moscato_rosa_1.png","datePublished":"2026-04-13T06:03:32+00:00","breadcrumb":{"@id":"https:\/\/www.ilovewines.vn\/product\/richland-moscato-rosa\/#breadcrumb"},"inLanguage":"vi","potentialAction":[{"@type":"ReadAction","target":["https:\/\/www.ilovewines.vn\/product\/richland-moscato-rosa\/"]}]},{"@type":"ImageObject","inLanguage":"vi","@id":"https:\/\/www.ilovewines.vn\/product\/richland-moscato-rosa\/#primaryimage","url":"https:\/\/www.ilovewines.vn\/wp-content\/uploads\/2026\/04\/richland_moscato_rosa_1.png","contentUrl":"https:\/\/www.ilovewines.vn\/wp-content\/uploads\/2026\/04\/richland_moscato_rosa_1.png","width":309,"height":700},{"@type":"BreadcrumbList","@id":"https:\/\/www.ilovewines.vn\/product\/richland-moscato-rosa\/#breadcrumb","itemListElement":[{"@type":"ListItem","position":1,"name":"Home","item":"https:\/\/www.ilovewines.vn\/"},{"@type":"ListItem","position":2,"name":"Catalogue","item":"https:\/\/www.ilovewines.vn\/catalogue\/"},{"@type":"ListItem","position":3,"name":"Richland Moscato Rosa"}]},{"@type":"WebSite","@id":"https:\/\/www.ilovewines.vn\/#website","url":"https:\/\/www.ilovewines.vn\/","name":"Rada Wines","description":"Just another WordPress site","publisher":{"@id":"https:\/\/www.ilovewines.vn\/#organization"},"potentialAction":[{"@type":"SearchAction","target":{"@type":"EntryPoint","urlTemplate":"https:\/\/www.ilovewines.vn\/?s={search_term_string}"},"query-input":{"@type":"PropertyValueSpecification","valueRequired":true,"valueName":"search_term_string"}}],"inLanguage":"vi"},{"@type":"Organization","@id":"https:\/\/www.ilovewines.vn\/#organization","name":"Rada Wines","url":"https:\/\/www.ilovewines.vn\/","logo":{"@type":"ImageObject","inLanguage":"vi","@id":"https:\/\/www.ilovewines.vn\/#\/schema\/logo\/image\/","url":"https:\/\/www.ilovewines.vn\/wp-content\/uploads\/2022\/06\/cropped-162574230_380766779846763_4426584222903300096_n.jpg","contentUrl":"https:\/\/www.ilovewines.vn\/wp-content\/uploads\/2022\/06\/cropped-162574230_380766779846763_4426584222903300096_n.jpg","width":320,"height":206,"caption":"Rada Wines"},"image":{"@id":"https:\/\/www.ilovewines.vn\/#\/schema\/logo\/image\/"}}]}},"_links":{"self":[{"href":"https:\/\/www.ilovewines.vn\/vi\/wp-json\/wp\/v2\/product\/7150","targetHints":{"allow":["GET"]}}],"collection":[{"href":"https:\/\/www.ilovewines.vn\/vi\/wp-json\/wp\/v2\/product"}],"about":[{"href":"https:\/\/www.ilovewines.vn\/vi\/wp-json\/wp\/v2\/types\/product"}],"version-history":[{"count":2,"href":"https:\/\/www.ilovewines.vn\/vi\/wp-json\/wp\/v2\/product\/7150\/revisions"}],"predecessor-version":[{"id":7153,"href":"https:\/\/www.ilovewines.vn\/vi\/wp-json\/wp\/v2\/product\/7150\/revisions\/7153"}],"wp:featuredmedia":[{"embeddable":true,"href":"https:\/\/www.ilovewines.vn\/vi\/wp-json\/wp\/v2\/media\/7151"}],"wp:attachment":[{"href":"https:\/\/www.ilovewines.vn\/vi\/wp-json\/wp\/v2\/media?parent=7150"}],"wp:term":[{"taxonomy":"product_brand","embeddable":true,"href":"https:\/\/www.ilovewines.vn\/vi\/wp-json\/wp\/v2\/product_brand?post=7150"},{"taxonomy":"product_cat","embeddable":true,"href":"https:\/\/www.ilovewines.vn\/vi\/wp-json\/wp\/v2\/product_cat?post=7150"},{"taxonomy":"product_tag","embeddable":true,"href":"https:\/\/www.ilovewines.vn\/vi\/wp-json\/wp\/v2\/product_tag?post=7150"},{"taxonomy":"grape_varietal","embeddable":true,"href":"https:\/\/www.ilovewines.vn\/vi\/wp-json\/wp\/v2\/grape_varietal?post=7150"},{"taxonomy":"wine_regions","embeddable":true,"href":"https:\/\/www.ilovewines.vn\/vi\/wp-json\/wp\/v2\/wine_regions?post=7150"}],"curies":[{"name":"wp","href":"https:\/\/api.w.org\/{rel}","templated":true}]}}